{"id":173,"date":"2022-05-02T22:01:07","date_gmt":"2022-05-02T20:01:07","guid":{"rendered":"https:\/\/serfincas.es\/?page_id=173"},"modified":"2022-05-02T22:07:13","modified_gmt":"2022-05-02T20:07:13","slug":"politica-de-privacidad","status":"publish","type":"page","link":"https:\/\/serfincas.es\/index.php\/politica-de-privacidad\/","title":{"rendered":"POL\u00cdTICA DE PRIVACIDAD"},"content":{"rendered":"\n<p>La Pol\u00edtica de Privacidad forma parte de las Condiciones Generales que rigen la presente Web.<\/p>\n\n\n\n<h4 class=\"wp-block-heading\"><strong>\u00bfQUI\u00c9N ES EL RESPONSABLE DEL TRATAMIENTO DE TUS DATOS?<\/strong><\/h4>\n\n\n\n<p><\/p>\n\n\n\n<p>SERFINCAS, S.L.<\/p>\n\n\n\n<p>CIF: B02492270<br>Calle Feria 131 - 02004 Albacete (Espa\u00f1a)<br>Tel. 967 67 46 46<br>Email: serfincas@serfincas.es<\/p>\n\n\n\n<p>Puedes dirigirte de cualquier forma para comunicarte con nosotros.<\/p>\n\n\n\n<p>Nos reservamos el derecho a modificar o adaptar la presente Pol\u00edtica de Privacidad en cualquier momento. Te recomendamos revisar la misma, y si te has registrado y accedes a tu cuenta o perfil, se te informar\u00e1 de las modificaciones.<\/p>\n\n\n\n<p><\/p>\n\n\n\n<h4 class=\"wp-block-heading\"><strong>\u00bfINCLUIMOS DATOS PERSONALES DE TERCERAS PERSONAS?<\/strong><\/h4>\n\n\n\n<p>No, como norma general s\u00f3lo tratamos los datos que nos facilitan los titulares. Si nos aportas datos de terceros, deber\u00e1s con car\u00e1cter previo, informar y solicitar su consentimiento a dichas personas, o de lo contrario nos eximes de cualquier responsabilidad por el incumplimiento de \u00e9ste requisito.<\/p>\n\n\n\n<h4 class=\"wp-block-heading\"><strong>\u00bfY DATOS DE MENORES?<\/strong><\/h4>\n\n\n\n<p>No tratamos datos de menores de 14 a\u00f1os. Por tanto, abst\u00e9ngase de facilitarlos si no tiene esa edad o, en su caso, de facilitar datos de terceros que no tengan la citada edad. SERFINCAS, S.L., se exime de cualquier responsabilidad por el incumplimiento de esta previsi\u00f3n.<\/p>\n\n\n\n<h4 class=\"wp-block-heading\"><strong>\u00bfREALIZAREMOS COMUNICACIONES POR MEDIOS ELECTR\u00d3NICOS?<\/strong><\/h4>\n\n\n\n<ul class=\"wp-block-list\"><li>S\u00f3lo se realizar\u00e1n para gestionar tu solicitud, si es uno de los medios de contacto que nos ha facilitado.<\/li><li>Si realizamos comunicaciones comerciales habr\u00e1n sido previa y expresamente autorizadas por t\u00ed.<\/li><\/ul>\n\n\n\n<h4 class=\"wp-block-heading\"><strong>\u00bfQU\u00c9 MEDIDAS DE SEGURIDAD APLICAMOS?<\/strong><\/h4>\n\n\n\n<p>Puedes estar tranquilo: Hemos adoptado un nivel \u00f3ptimo de protecci\u00f3n de los Datos Personales que manejamos, y hemos instalado todos los medios y medidas t\u00e9cnicas a nuestra disposici\u00f3n seg\u00fan el estado de la tecnolog\u00eda para evitar la p\u00e9rdida, mal uso, alteraci\u00f3n, acceso no autorizado y robo de los Datos Personales.<\/p>\n\n\n\n<h4 class=\"wp-block-heading\"><strong>\u00bfA QU\u00c9 DESTINATARIOS SE COMUNICAR\u00c1N TUS DATOS?<\/strong><\/h4>\n\n\n\n<p>Tus datos no se ceder\u00e1n a terceros, salvo obligaci\u00f3n legal. En concreto se comunicar\u00e1n a la Agencia Estatal de la Administraci\u00f3n Tributaria y a bancos y entidades financieras para el cobro del servicio prestado o producto adquirido Como a los encargados del tratamiento necesarios para la ejecuci\u00f3n del acuerdo.<\/p>\n\n\n\n<p>En caso de compra o pago, si eliges alguna aplicaci\u00f3n, web, plataforma, tarjeta bancaria, o alg\u00fan otro servicio online, tus datos se ceder\u00e1n a esa plataforma o se tratar\u00e1n en su entorno, siempre con la m\u00e1xima seguridad.<\/p>\n\n\n\n<p>Cuando se lo ordenemos, tendr\u00e1n acceso a nuestra web la empresa de desarrollo y mantenimiento web, o la de hosting. Las mismas tendr\u00e1n firmado un contrato de prestaci\u00f3n de servicios que les obliga a mantener el mismo nivel de privacidad que nosotros.<\/p>\n\n\n\n<p>Cualquier transferencia internacional de datos al usar aplicaciones americanas, estar\u00e1 adherida al convenio Privacy Shield, que garantiza que las empresas de software americano cumplen las pol\u00edticas de protecci\u00f3n de datos europeas en materia de privacidad.<\/p>\n\n\n\n<h4 class=\"wp-block-heading\"><strong>\u00bfQU\u00c9 DERECHOS TIENES?<\/strong><\/h4>\n\n\n\n<ul class=\"wp-block-list\"><li>A saber si estamos tratando tus datos o no.<\/li><li>A acceder a tus datos personales.<\/li><li>A solicitar la rectificaci\u00f3n de tus datos si son inexactos.<\/li><li>A solicitar la supresi\u00f3n de tus datos si ya no son necesarios para los fines para los que fueron recogidos o si nos retiras el consentimiento otorgado.<\/li><li>A solicitar la limitaci\u00f3n del tratamiento de sus datos, en algunos supuestos, en cuyo caso s\u00f3lo los conservaremos de acuerdo con la normativa vigente.<\/li><li>A portar tus datos, que te ser\u00e1n facilitados en un formato estructurado, de uso com\u00fan o lectura mec\u00e1nica. Si lo prefieres, se los podemos enviar al nuevo responsable que nos designes. S\u00f3lo es v\u00e1lido en determinados supuestos.<\/li><li>A presentar una reclamaci\u00f3n ante la Agencia Espa\u00f1ola de Protecci\u00f3n de Datos o autoridad de control competente, si crees que no te hemos atendido correctamente.<\/li><li>A revocar el consentimiento para cualquier tratamiento para el que hayas consentido, en cualquier momento.<\/li><\/ul>\n\n\n\n<p>Si modificas alg\u00fan dato, te agradecemos que nos lo comuniques para mantenerlos actualizados.<\/p>\n\n\n\n<h4 class=\"wp-block-heading\"><strong>\u00bfQUIERES UN FORMULARIO PARA EL EJERCICIO DE DERECHOS?<\/strong><\/h4>\n\n\n\n<ul class=\"wp-block-list\"><li>Tenemos formularios para el ejercicio de tus derechos, p\u00eddenoslos por email o si lo prefieres, puedes usar los elaborados por la Agencia Espa\u00f1ola de Protecci\u00f3n de Datos o terceros.<\/li><li>Estos formularios deben ir firmados electr\u00f3nicamente o ser acompa\u00f1ados de fotocopia del DNI.<\/li><li>Si te representa alguien, debes adjuntarnos copia de su DNI, o que lo firme con su firma electr\u00f3nica.<\/li><li>Los formularios pueden ser presentados presencialmente, enviados por carta o por mail en la direcci\u00f3n del Responsable al inicio de este texto.<\/li><\/ul>\n\n\n\n<h4 class=\"wp-block-heading\"><strong>\u00bfCU\u00c1NTO TARDAMOS EN CONTESTARTE AL EJERCICIO DE DERECHOS?<\/strong><\/h4>\n\n\n\n<p>Depende del derecho, pero como m\u00e1ximo en un mes desde tu solicitud, y dos meses si el tema es muy complejo y te notificamos que necesitamos m\u00e1s tiempo.<\/p>\n\n\n\n<h4 class=\"wp-block-heading\"><strong>\u00bfTRATAMOS COOKIES?<\/strong><\/h4>\n\n\n\n<p>Si usamos otro tipo de cookies que no sean las necesarias, podr\u00e1s consultar la pol\u00edtica de cookies en el enlace correspondiente desde el inicio de nuestra web.<\/p>\n\n\n\n<h4 class=\"wp-block-heading\"><strong>\u00bfDURANTE CU\u00c1NTO TIEMPO VAMOS A MANTENER TUS DATOS PERSONALES?<\/strong><\/h4>\n\n\n\n<ul class=\"wp-block-list\"><li>Los datos personales ser\u00e1n mantenidos mientras sigas vinculado con nosotros.<\/li><li>Una vez te desvincules, los datos personales tratados en cada finalidad se mantendr\u00e1n durante los plazos legalmente previstos, inclu\u00eddo el plazo en el que un juez o tribunal los pueda requerir atendiendo al plazo de prescripci\u00f3n de acciones judiciales.<\/li><li>Los datos tratados se mantendr\u00e1n en tanto no expiren los plazos legales aludidos anteriormente, si hubiera obligaci\u00f3n legal de mantenimiento, o de no existir ese plazo legal, hasta que el interesado solicite su supresi\u00f3n o revoque el consentimiento otorgado.<\/li><li>Mantendremos toda la informaci\u00f3n y comunicaciones relativas a tu compra o a la prestaci\u00f3n de nuestro servicio, mientras duren las garant\u00edas de los productos o servicios, para atender posibles reclamaciones.<\/li><\/ul>\n","protected":false},"excerpt":{"rendered":"<p>La Pol\u00edtica de Privacidad forma parte de las Condiciones Generales que rigen la presente Web. \u00bfQUI\u00c9N ES EL RESPONSABLE DEL TRATAMIENTO DE TUS DATOS? SERFINCAS, S.L. CIF: B02492270Calle Feria 131 - 02004 Albacete (Espa\u00f1a)Tel. 967 67 46 46Email: serfincas@serfincas.es Puedes dirigirte de cualquier forma para comunicarte con nosotros. Nos reservamos el derecho a modificar o [&hellip;]<\/p>\n","protected":false},"author":1,"featured_media":0,"parent":0,"menu_order":0,"comment_status":"closed","ping_status":"closed","template":"","meta":{"footnotes":""},"class_list":["post-173","page","type-page","status-publish","hentry"],"yoast_head":"<!-- This site is optimized with the Yoast SEO plugin v26.8 - https:\/\/yoast.com\/product\/yoast-seo-wordpress\/ -->\n<title>POL\u00cdTICA DE PRIVACIDAD - SERFINCAS, Administraci\u00f3n de Fincas<\/title>\n<meta name=\"robots\" content=\"index, follow, max-snippet:-1, max-image-preview:large, max-video-preview:-1\" \/>\n<link rel=\"canonical\" href=\"https:\/\/serfincas.es\/index.php\/politica-de-privacidad\/\" \/>\n<meta property=\"og:locale\" content=\"es_ES\" \/>\n<meta property=\"og:type\" content=\"article\" \/>\n<meta property=\"og:title\" content=\"POL\u00cdTICA DE PRIVACIDAD - SERFINCAS, Administraci\u00f3n de Fincas\" \/>\n<meta property=\"og:description\" content=\"La Pol\u00edtica de Privacidad forma parte de las Condiciones Generales que rigen la presente Web. \u00bfQUI\u00c9N ES EL RESPONSABLE DEL TRATAMIENTO DE TUS DATOS? SERFINCAS, S.L. CIF: B02492270Calle Feria 131 - 02004 Albacete (Espa\u00f1a)Tel. 967 67 46 46Email: serfincas@serfincas.es Puedes dirigirte de cualquier forma para comunicarte con nosotros. Nos reservamos el derecho a modificar o [&hellip;]\" \/>\n<meta property=\"og:url\" content=\"https:\/\/serfincas.es\/index.php\/politica-de-privacidad\/\" \/>\n<meta property=\"og:site_name\" content=\"SERFINCAS, Administraci\u00f3n de Fincas\" \/>\n<meta property=\"article:modified_time\" content=\"2022-05-02T20:07:13+00:00\" \/>\n<meta name=\"twitter:card\" content=\"summary_large_image\" \/>\n<meta name=\"twitter:label1\" content=\"Tiempo de lectura\" \/>\n\t<meta name=\"twitter:data1\" content=\"5 minutos\" \/>\n<script type=\"application\/ld+json\" class=\"yoast-schema-graph\">{\"@context\":\"https:\/\/schema.org\",\"@graph\":[{\"@type\":\"WebPage\",\"@id\":\"https:\/\/serfincas.es\/index.php\/politica-de-privacidad\/\",\"url\":\"https:\/\/serfincas.es\/index.php\/politica-de-privacidad\/\",\"name\":\"POL\u00cdTICA DE PRIVACIDAD - SERFINCAS, Administraci\u00f3n de Fincas\",\"isPartOf\":{\"@id\":\"https:\/\/serfincas.es\/#website\"},\"datePublished\":\"2022-05-02T20:01:07+00:00\",\"dateModified\":\"2022-05-02T20:07:13+00:00\",\"breadcrumb\":{\"@id\":\"https:\/\/serfincas.es\/index.php\/politica-de-privacidad\/#breadcrumb\"},\"inLanguage\":\"es\",\"potentialAction\":[{\"@type\":\"ReadAction\",\"target\":[\"https:\/\/serfincas.es\/index.php\/politica-de-privacidad\/\"]}]},{\"@type\":\"BreadcrumbList\",\"@id\":\"https:\/\/serfincas.es\/index.php\/politica-de-privacidad\/#breadcrumb\",\"itemListElement\":[{\"@type\":\"ListItem\",\"position\":1,\"name\":\"Portada\",\"item\":\"https:\/\/serfincas.es\/\"},{\"@type\":\"ListItem\",\"position\":2,\"name\":\"POL\u00cdTICA DE PRIVACIDAD\"}]},{\"@type\":\"WebSite\",\"@id\":\"https:\/\/serfincas.es\/#website\",\"url\":\"https:\/\/serfincas.es\/\",\"name\":\"SERFINCAS, Administraci\u00f3n de Fincas\",\"description\":\"SERFINCAS ALBACETE\",\"publisher\":{\"@id\":\"https:\/\/serfincas.es\/#organization\"},\"potentialAction\":[{\"@type\":\"SearchAction\",\"target\":{\"@type\":\"EntryPoint\",\"urlTemplate\":\"https:\/\/serfincas.es\/?s={search_term_string}\"},\"query-input\":{\"@type\":\"PropertyValueSpecification\",\"valueRequired\":true,\"valueName\":\"search_term_string\"}}],\"inLanguage\":\"es\"},{\"@type\":\"Organization\",\"@id\":\"https:\/\/serfincas.es\/#organization\",\"name\":\"SERFINCAS\",\"url\":\"https:\/\/serfincas.es\/\",\"logo\":{\"@type\":\"ImageObject\",\"inLanguage\":\"es\",\"@id\":\"https:\/\/serfincas.es\/#\/schema\/logo\/image\/\",\"url\":\"https:\/\/serfincas.es\/wp-content\/uploads\/2022\/05\/logo-serfincas.jpg\",\"contentUrl\":\"https:\/\/serfincas.es\/wp-content\/uploads\/2022\/05\/logo-serfincas.jpg\",\"width\":250,\"height\":78,\"caption\":\"SERFINCAS\"},\"image\":{\"@id\":\"https:\/\/serfincas.es\/#\/schema\/logo\/image\/\"}}]}<\/script>\n<!-- \/ Yoast SEO plugin. -->","yoast_head_json":{"title":"POL\u00cdTICA DE PRIVACIDAD - SERFINCAS, Administraci\u00f3n de Fincas","robots":{"index":"index","follow":"follow","max-snippet":"max-snippet:-1","max-image-preview":"max-image-preview:large","max-video-preview":"max-video-preview:-1"},"canonical":"https:\/\/serfincas.es\/index.php\/politica-de-privacidad\/","og_locale":"es_ES","og_type":"article","og_title":"POL\u00cdTICA DE PRIVACIDAD - SERFINCAS, Administraci\u00f3n de Fincas","og_description":"La Pol\u00edtica de Privacidad forma parte de las Condiciones Generales que rigen la presente Web. \u00bfQUI\u00c9N ES EL RESPONSABLE DEL TRATAMIENTO DE TUS DATOS? SERFINCAS, S.L. CIF: B02492270Calle Feria 131 - 02004 Albacete (Espa\u00f1a)Tel. 967 67 46 46Email: serfincas@serfincas.es Puedes dirigirte de cualquier forma para comunicarte con nosotros. Nos reservamos el derecho a modificar o [&hellip;]","og_url":"https:\/\/serfincas.es\/index.php\/politica-de-privacidad\/","og_site_name":"SERFINCAS, Administraci\u00f3n de Fincas","article_modified_time":"2022-05-02T20:07:13+00:00","twitter_card":"summary_large_image","twitter_misc":{"Tiempo de lectura":"5 minutos"},"schema":{"@context":"https:\/\/schema.org","@graph":[{"@type":"WebPage","@id":"https:\/\/serfincas.es\/index.php\/politica-de-privacidad\/","url":"https:\/\/serfincas.es\/index.php\/politica-de-privacidad\/","name":"POL\u00cdTICA DE PRIVACIDAD - SERFINCAS, Administraci\u00f3n de Fincas","isPartOf":{"@id":"https:\/\/serfincas.es\/#website"},"datePublished":"2022-05-02T20:01:07+00:00","dateModified":"2022-05-02T20:07:13+00:00","breadcrumb":{"@id":"https:\/\/serfincas.es\/index.php\/politica-de-privacidad\/#breadcrumb"},"inLanguage":"es","potentialAction":[{"@type":"ReadAction","target":["https:\/\/serfincas.es\/index.php\/politica-de-privacidad\/"]}]},{"@type":"BreadcrumbList","@id":"https:\/\/serfincas.es\/index.php\/politica-de-privacidad\/#breadcrumb","itemListElement":[{"@type":"ListItem","position":1,"name":"Portada","item":"https:\/\/serfincas.es\/"},{"@type":"ListItem","position":2,"name":"POL\u00cdTICA DE PRIVACIDAD"}]},{"@type":"WebSite","@id":"https:\/\/serfincas.es\/#website","url":"https:\/\/serfincas.es\/","name":"SERFINCAS, Administraci\u00f3n de Fincas","description":"SERFINCAS ALBACETE","publisher":{"@id":"https:\/\/serfincas.es\/#organization"},"potentialAction":[{"@type":"SearchAction","target":{"@type":"EntryPoint","urlTemplate":"https:\/\/serfincas.es\/?s={search_term_string}"},"query-input":{"@type":"PropertyValueSpecification","valueRequired":true,"valueName":"search_term_string"}}],"inLanguage":"es"},{"@type":"Organization","@id":"https:\/\/serfincas.es\/#organization","name":"SERFINCAS","url":"https:\/\/serfincas.es\/","logo":{"@type":"ImageObject","inLanguage":"es","@id":"https:\/\/serfincas.es\/#\/schema\/logo\/image\/","url":"https:\/\/serfincas.es\/wp-content\/uploads\/2022\/05\/logo-serfincas.jpg","contentUrl":"https:\/\/serfincas.es\/wp-content\/uploads\/2022\/05\/logo-serfincas.jpg","width":250,"height":78,"caption":"SERFINCAS"},"image":{"@id":"https:\/\/serfincas.es\/#\/schema\/logo\/image\/"}}]}},"_links":{"self":[{"href":"https:\/\/serfincas.es\/index.php\/wp-json\/wp\/v2\/pages\/173","targetHints":{"allow":["GET"]}}],"collection":[{"href":"https:\/\/serfincas.es\/index.php\/wp-json\/wp\/v2\/pages"}],"about":[{"href":"https:\/\/serfincas.es\/index.php\/wp-json\/wp\/v2\/types\/page"}],"author":[{"embeddable":true,"href":"https:\/\/serfincas.es\/index.php\/wp-json\/wp\/v2\/users\/1"}],"replies":[{"embeddable":true,"href":"https:\/\/serfincas.es\/index.php\/wp-json\/wp\/v2\/comments?post=173"}],"version-history":[{"count":2,"href":"https:\/\/serfincas.es\/index.php\/wp-json\/wp\/v2\/pages\/173\/revisions"}],"predecessor-version":[{"id":180,"href":"https:\/\/serfincas.es\/index.php\/wp-json\/wp\/v2\/pages\/173\/revisions\/180"}],"wp:attachment":[{"href":"https:\/\/serfincas.es\/index.php\/wp-json\/wp\/v2\/media?parent=173"}],"curies":[{"name":"wp","href":"https:\/\/api.w.org\/{rel}","templated":true}]}}