{"id":86,"date":"2022-05-02T15:59:48","date_gmt":"2022-05-02T13:59:48","guid":{"rendered":"https:\/\/serfincas.es\/?page_id=86"},"modified":"2022-05-02T21:14:28","modified_gmt":"2022-05-02T19:14:28","slug":"servicios-2","status":"publish","type":"page","link":"https:\/\/serfincas.es\/index.php\/servicios-2\/","title":{"rendered":"SERVICIOS"},"content":{"rendered":"\n<p>Nos destacamos por tener un claro fin social, por ser \u00fatiles y por ayudar a mantener la Comunidad de Propietarios en la cual se integra. Aqu\u00ed tiene un listado de los servicios que ponemos a vuestra disposici\u00f3n:<\/p>\n\n\n\n<div class=\"wp-block-group\"><div class=\"wp-block-group__inner-container is-layout-flow wp-block-group-is-layout-flow\">\n<div class=\"wp-block-columns is-layout-flex wp-container-core-columns-is-layout-9d6595d7 wp-block-columns-is-layout-flex\">\n<div class=\"wp-block-column is-layout-flow wp-block-column-is-layout-flow\" style=\"flex-basis:100%\">\n<div class=\"wp-block-group\"><div class=\"wp-block-group__inner-container is-layout-flow wp-block-group-is-layout-flow\"><\/div><\/div>\n<\/div>\n<\/div>\n<\/div><\/div>\n\n\n\n<ul class=\"wp-block-list\"><li><em><strong>Confecci\u00f3n y estudio del presupuesto de los gastos previsibles del ejercicio:<\/strong><\/em>&nbsp;Estos precios son generales, orientativos y no contractuales. Env\u00edenos los datos de su comunidad o colectivo para estudiar su caso y as\u00ed ofertarle un precio lo m\u00e1s ajustado posible a sus necesidades.<\/li><li><em><strong>Control de contabilidad, cuentas, ingresos y gastos:&nbsp;<\/strong><\/em>Se controlar\u00e1 di\u00e1riamente el movimiento contable de la Comunidad. Y disponemos de conexi\u00f3n electr\u00f3nica directa con la entidad bancaria y se gestiona por soporte magn\u00e9tico las remesas de recibos, impagos, devoluciones... obteniendo as\u00ed toda la informaci\u00f3n, incluso estando la entidad bancaria cerrada.<\/li><li><em><strong>Aviso al servicio t\u00e9cnico correspondientes en caso de aver\u00eda o necesidad.<\/strong><\/em><\/li><li><em><strong>Convocatoria de las reuniones y medici\u00f3n de moderador en ellas:&nbsp;<\/strong><\/em>Se convocan reuniones anuales de forma autom\u00e1tica y extraordinarias cuando las solicite el Presidente o un 25% de los propietarios con cuota suficiente para ello. No se cobran suplementos por las convocatorias ni por le material de oficina necesario. Posteriormente se informa a cada vecino de los acuerdos reflejados en el acta de la reuni\u00f3n.<\/li><li><em><strong>Sal\u00f3n para reuniones propio:&nbsp;<\/strong><\/em>No se cobran suplementos por la utilizaci\u00f3n del sal\u00f3n.<\/li><li><strong><em>Informes f\u00e1ciles de comprender del estado de todas las cuentas de la comunidad:&nbsp;<\/em><\/strong>Nuestra intenci\u00f3n es que todos los vecinos comprendan el informe, estando siempre informado de todo lo que sucede en la Comunidad.<\/li><li><em><strong>Disponibilidad de oficina abierta al p\u00fablico para visitas y consultas telef\u00f3nicas en horario de oficina:&nbsp;<\/strong><\/em>Se expiden al momento los certificados necesarios para la transmisi\u00f3n en escritura p\u00fablica de la viviendas particulares.<\/li><li><em><strong>Se elaborar\u00e1n todo tipo de documentos que la comunidad precise:&nbsp;<\/strong><\/em>Facturas, contratos, modelos fiscales...<\/li><li><em><strong>Servicio de asesor\u00eda jur\u00eddica incluido, actuaci\u00f3n del abogado no incluida.<\/strong><\/em><\/li><\/ul>\n\n\n\n<hr class=\"wp-block-separator aligncenter\"\/>\n\n\n\n<br>\n<br>\n\n\n\n<div class=\"wp-block-columns is-layout-flex wp-container-core-columns-is-layout-9d6595d7 wp-block-columns-is-layout-flex\">\n<div class=\"wp-block-column is-layout-flow wp-block-column-is-layout-flow\">\n<div class=\"wp-block-image\"><figure class=\"aligncenter size-full is-resized\"><img loading=\"lazy\" decoding=\"async\" src=\"https:\/\/serfincas.es\/wp-content\/uploads\/2022\/05\/contrato_rojo.png\" alt=\"\" class=\"wp-image-64\" width=\"61\" height=\"61\" srcset=\"https:\/\/serfincas.es\/wp-content\/uploads\/2022\/05\/contrato_rojo.png 512w, https:\/\/serfincas.es\/wp-content\/uploads\/2022\/05\/contrato_rojo-300x300.png 300w, https:\/\/serfincas.es\/wp-content\/uploads\/2022\/05\/contrato_rojo-150x150.png 150w\" sizes=\"auto, (max-width: 61px) 100vw, 61px\" \/><\/figure><\/div>\n\n\n\n<h5 class=\"wp-block-heading\" id=\"vk-blocks\" style=\"margin-top:1.5rem;margin-bottom:1rem\">Presupuesto Online<\/h5>\n\n\n\n<p>Solic\u00edtenos presupuesto, dando una breve descripci\u00f3n de las instalaciones y servicios que requieren. Nos pondremos en contacto a la mayor brevedad.<\/p>\n\n\n\n<div class=\"wp-block-buttons is-layout-flex wp-block-buttons-is-layout-flex\">\n<div class=\"wp-block-button has-custom-font-size is-style-outline has-small-font-size is-style-outline--1\"><a class=\"wp-block-button__link\" href=\"https:\/\/serfincas.es\/index.php\/presupuesto-online\/\" style=\"padding-top:0.3em;padding-right:1em;padding-bottom:0.3em;padding-left:1em\">Formulario<\/a><\/div>\n<\/div>\n\n\n\n<div style=\"height:30px\" aria-hidden=\"true\" class=\"wp-block-spacer\"><\/div>\n<\/div>\n\n\n\n<div class=\"wp-block-column is-layout-flow wp-block-column-is-layout-flow\">\n<div class=\"wp-block-image\"><figure class=\"aligncenter size-full is-resized\"><img loading=\"lazy\" decoding=\"async\" src=\"https:\/\/serfincas.es\/wp-content\/uploads\/2022\/05\/telefono_rojo.png\" alt=\"\" class=\"wp-image-75\" width=\"62\" height=\"62\" srcset=\"https:\/\/serfincas.es\/wp-content\/uploads\/2022\/05\/telefono_rojo.png 512w, https:\/\/serfincas.es\/wp-content\/uploads\/2022\/05\/telefono_rojo-300x300.png 300w, https:\/\/serfincas.es\/wp-content\/uploads\/2022\/05\/telefono_rojo-150x150.png 150w\" sizes=\"auto, (max-width: 62px) 100vw, 62px\" \/><\/figure><\/div>\n\n\n\n<h5 class=\"wp-block-heading\" id=\"vk-blocks\" style=\"margin-top:1.5rem;margin-bottom:1rem\">Aver\u00edas<\/h5>\n\n\n\n<p>Env\u00edenos datos de la Comunidad y la persona de contacto, dando una breve descripci\u00f3n de la aver\u00eda. Lo solucionaremos con la mayor celeridad.<\/p>\n\n\n\n<div class=\"wp-block-buttons is-layout-flex wp-block-buttons-is-layout-flex\">\n<div class=\"wp-block-button has-custom-font-size is-style-outline has-small-font-size is-style-outline--2\"><a class=\"wp-block-button__link\" href=\"https:\/\/serfincas.es\/index.php\/notificar-averia\/\" style=\"padding-top:0.3em;padding-right:1em;padding-bottom:0.3em;padding-left:1em\">Formulario<\/a><\/div>\n<\/div>\n\n\n\n<div style=\"height:30px\" aria-hidden=\"true\" class=\"wp-block-spacer\"><\/div>\n<\/div>\n\n\n\n<div class=\"wp-block-column is-layout-flow wp-block-column-is-layout-flow\">\n<div class=\"wp-block-image\"><figure class=\"aligncenter size-full is-resized\"><img loading=\"lazy\" decoding=\"async\" src=\"https:\/\/serfincas.es\/wp-content\/uploads\/2022\/05\/correo_rojo.png\" alt=\"\" class=\"wp-image-66\" width=\"64\" height=\"64\" srcset=\"https:\/\/serfincas.es\/wp-content\/uploads\/2022\/05\/correo_rojo.png 512w, https:\/\/serfincas.es\/wp-content\/uploads\/2022\/05\/correo_rojo-300x300.png 300w, https:\/\/serfincas.es\/wp-content\/uploads\/2022\/05\/correo_rojo-150x150.png 150w\" sizes=\"auto, (max-width: 64px) 100vw, 64px\" \/><\/figure><\/div>\n\n\n\n<h5 class=\"wp-block-heading\" id=\"vk-blocks\" style=\"margin-top:1.5rem;margin-bottom:1rem\">Cambio de Datos<\/h5>\n\n\n\n<p>Env\u00edenos la identificaci\u00f3n de la Comunidad y de la persona de contacto, junto con los datos a cambiar, contactaremos para hacer los cambios cuanto antes.<\/p>\n\n\n\n<div class=\"wp-block-buttons is-layout-flex wp-block-buttons-is-layout-flex\">\n<div class=\"wp-block-button has-custom-font-size is-style-outline has-small-font-size is-style-outline--3\"><a class=\"wp-block-button__link\" href=\"https:\/\/serfincas.es\/index.php\/cambio-de-datos\/\" style=\"padding-top:0.3em;padding-right:1em;padding-bottom:0.3em;padding-left:1em\">Formulario<\/a><\/div>\n<\/div>\n\n\n\n<div style=\"height:30px\" aria-hidden=\"true\" class=\"wp-block-spacer\"><\/div>\n<\/div>\n\n\n\n<div class=\"wp-block-column is-layout-flow wp-block-column-is-layout-flow\">\n<div class=\"wp-block-image\"><figure class=\"aligncenter size-full is-resized\"><img loading=\"lazy\" decoding=\"async\" src=\"https:\/\/serfincas.es\/wp-content\/uploads\/2022\/05\/casa_rojo.png\" alt=\"\" class=\"wp-image-71\" width=\"68\" height=\"68\" srcset=\"https:\/\/serfincas.es\/wp-content\/uploads\/2022\/05\/casa_rojo.png 512w, https:\/\/serfincas.es\/wp-content\/uploads\/2022\/05\/casa_rojo-300x300.png 300w, https:\/\/serfincas.es\/wp-content\/uploads\/2022\/05\/casa_rojo-150x150.png 150w\" sizes=\"auto, (max-width: 68px) 100vw, 68px\" \/><\/figure><\/div>\n\n\n\n<h5 class=\"wp-block-heading\" id=\"vk-blocks\" style=\"margin-top:1.5rem;margin-bottom:1rem\">Domiciliaci\u00f3n <\/h5>\n\n\n\n<p>Env\u00edenos la identificaci\u00f3n de la Comunidad y de la persona de contacto, contactaremos para hacer los cambios cuanto antes por el medio adecuado.<\/p>\n\n\n\n<div class=\"wp-block-buttons is-layout-flex wp-block-buttons-is-layout-flex\">\n<div class=\"wp-block-button has-custom-font-size is-style-outline has-small-font-size is-style-outline--4\"><a class=\"wp-block-button__link\" href=\"https:\/\/serfincas.es\/index.php\/domiciliacion-bancaria-propietarios\/\" style=\"padding-top:0.3em;padding-right:1em;padding-bottom:0.3em;padding-left:1em\">Formulario<\/a><\/div>\n<\/div>\n<\/div>\n<\/div>\n","protected":false},"excerpt":{"rendered":"<p>Nos destacamos por tener un claro fin social, por ser \u00fatiles y por ayudar a mantener la Comunidad de Propietarios en la cual se integra. Aqu\u00ed tiene un listado de los servicios que ponemos a vuestra disposici\u00f3n: Confecci\u00f3n y estudio del presupuesto de los gastos previsibles del ejercicio:&nbsp;Estos precios son generales, orientativos y no contractuales. [&hellip;]<\/p>\n","protected":false},"author":1,"featured_media":0,"parent":0,"menu_order":0,"comment_status":"closed","ping_status":"closed","template":"","meta":{"footnotes":""},"class_list":["post-86","page","type-page","status-publish","hentry"],"yoast_head":"<!-- This site is optimized with the Yoast SEO plugin v26.8 - https:\/\/yoast.com\/product\/yoast-seo-wordpress\/ -->\n<title>SERVICIOS - SERFINCAS, Administraci\u00f3n de Fincas<\/title>\n<meta name=\"robots\" content=\"index, follow, max-snippet:-1, max-image-preview:large, max-video-preview:-1\" \/>\n<link rel=\"canonical\" href=\"https:\/\/serfincas.es\/index.php\/servicios-2\/\" \/>\n<meta property=\"og:locale\" content=\"es_ES\" \/>\n<meta property=\"og:type\" content=\"article\" \/>\n<meta property=\"og:title\" content=\"SERVICIOS - SERFINCAS, Administraci\u00f3n de Fincas\" \/>\n<meta property=\"og:description\" content=\"Nos destacamos por tener un claro fin social, por ser \u00fatiles y por ayudar a mantener la Comunidad de Propietarios en la cual se integra. Aqu\u00ed tiene un listado de los servicios que ponemos a vuestra disposici\u00f3n: Confecci\u00f3n y estudio del presupuesto de los gastos previsibles del ejercicio:&nbsp;Estos precios son generales, orientativos y no contractuales. [&hellip;]\" \/>\n<meta property=\"og:url\" content=\"https:\/\/serfincas.es\/index.php\/servicios-2\/\" \/>\n<meta property=\"og:site_name\" content=\"SERFINCAS, Administraci\u00f3n de Fincas\" \/>\n<meta property=\"article:modified_time\" content=\"2022-05-02T19:14:28+00:00\" \/>\n<meta property=\"og:image\" content=\"https:\/\/serfincas.es\/wp-content\/uploads\/2022\/05\/contrato_rojo.png\" \/>\n<meta name=\"twitter:card\" content=\"summary_large_image\" \/>\n<meta name=\"twitter:label1\" content=\"Tiempo de lectura\" \/>\n\t<meta name=\"twitter:data1\" content=\"3 minutos\" \/>\n<script type=\"application\/ld+json\" class=\"yoast-schema-graph\">{\"@context\":\"https:\/\/schema.org\",\"@graph\":[{\"@type\":\"WebPage\",\"@id\":\"https:\/\/serfincas.es\/index.php\/servicios-2\/\",\"url\":\"https:\/\/serfincas.es\/index.php\/servicios-2\/\",\"name\":\"SERVICIOS - SERFINCAS, Administraci\u00f3n de Fincas\",\"isPartOf\":{\"@id\":\"https:\/\/serfincas.es\/#website\"},\"primaryImageOfPage\":{\"@id\":\"https:\/\/serfincas.es\/index.php\/servicios-2\/#primaryimage\"},\"image\":{\"@id\":\"https:\/\/serfincas.es\/index.php\/servicios-2\/#primaryimage\"},\"thumbnailUrl\":\"https:\/\/serfincas.es\/wp-content\/uploads\/2022\/05\/contrato_rojo.png\",\"datePublished\":\"2022-05-02T13:59:48+00:00\",\"dateModified\":\"2022-05-02T19:14:28+00:00\",\"breadcrumb\":{\"@id\":\"https:\/\/serfincas.es\/index.php\/servicios-2\/#breadcrumb\"},\"inLanguage\":\"es\",\"potentialAction\":[{\"@type\":\"ReadAction\",\"target\":[\"https:\/\/serfincas.es\/index.php\/servicios-2\/\"]}]},{\"@type\":\"ImageObject\",\"inLanguage\":\"es\",\"@id\":\"https:\/\/serfincas.es\/index.php\/servicios-2\/#primaryimage\",\"url\":\"https:\/\/serfincas.es\/wp-content\/uploads\/2022\/05\/contrato_rojo.png\",\"contentUrl\":\"https:\/\/serfincas.es\/wp-content\/uploads\/2022\/05\/contrato_rojo.png\",\"width\":512,\"height\":512},{\"@type\":\"BreadcrumbList\",\"@id\":\"https:\/\/serfincas.es\/index.php\/servicios-2\/#breadcrumb\",\"itemListElement\":[{\"@type\":\"ListItem\",\"position\":1,\"name\":\"Portada\",\"item\":\"https:\/\/serfincas.es\/\"},{\"@type\":\"ListItem\",\"position\":2,\"name\":\"SERVICIOS\"}]},{\"@type\":\"WebSite\",\"@id\":\"https:\/\/serfincas.es\/#website\",\"url\":\"https:\/\/serfincas.es\/\",\"name\":\"SERFINCAS, Administraci\u00f3n de Fincas\",\"description\":\"SERFINCAS ALBACETE\",\"publisher\":{\"@id\":\"https:\/\/serfincas.es\/#organization\"},\"potentialAction\":[{\"@type\":\"SearchAction\",\"target\":{\"@type\":\"EntryPoint\",\"urlTemplate\":\"https:\/\/serfincas.es\/?s={search_term_string}\"},\"query-input\":{\"@type\":\"PropertyValueSpecification\",\"valueRequired\":true,\"valueName\":\"search_term_string\"}}],\"inLanguage\":\"es\"},{\"@type\":\"Organization\",\"@id\":\"https:\/\/serfincas.es\/#organization\",\"name\":\"SERFINCAS\",\"url\":\"https:\/\/serfincas.es\/\",\"logo\":{\"@type\":\"ImageObject\",\"inLanguage\":\"es\",\"@id\":\"https:\/\/serfincas.es\/#\/schema\/logo\/image\/\",\"url\":\"https:\/\/serfincas.es\/wp-content\/uploads\/2022\/05\/logo-serfincas.jpg\",\"contentUrl\":\"https:\/\/serfincas.es\/wp-content\/uploads\/2022\/05\/logo-serfincas.jpg\",\"width\":250,\"height\":78,\"caption\":\"SERFINCAS\"},\"image\":{\"@id\":\"https:\/\/serfincas.es\/#\/schema\/logo\/image\/\"}}]}<\/script>\n<!-- \/ Yoast SEO plugin. -->","yoast_head_json":{"title":"SERVICIOS - SERFINCAS, Administraci\u00f3n de Fincas","robots":{"index":"index","follow":"follow","max-snippet":"max-snippet:-1","max-image-preview":"max-image-preview:large","max-video-preview":"max-video-preview:-1"},"canonical":"https:\/\/serfincas.es\/index.php\/servicios-2\/","og_locale":"es_ES","og_type":"article","og_title":"SERVICIOS - SERFINCAS, Administraci\u00f3n de Fincas","og_description":"Nos destacamos por tener un claro fin social, por ser \u00fatiles y por ayudar a mantener la Comunidad de Propietarios en la cual se integra. Aqu\u00ed tiene un listado de los servicios que ponemos a vuestra disposici\u00f3n: Confecci\u00f3n y estudio del presupuesto de los gastos previsibles del ejercicio:&nbsp;Estos precios son generales, orientativos y no contractuales. [&hellip;]","og_url":"https:\/\/serfincas.es\/index.php\/servicios-2\/","og_site_name":"SERFINCAS, Administraci\u00f3n de Fincas","article_modified_time":"2022-05-02T19:14:28+00:00","og_image":[{"url":"https:\/\/serfincas.es\/wp-content\/uploads\/2022\/05\/contrato_rojo.png","type":"","width":"","height":""}],"twitter_card":"summary_large_image","twitter_misc":{"Tiempo de lectura":"3 minutos"},"schema":{"@context":"https:\/\/schema.org","@graph":[{"@type":"WebPage","@id":"https:\/\/serfincas.es\/index.php\/servicios-2\/","url":"https:\/\/serfincas.es\/index.php\/servicios-2\/","name":"SERVICIOS - SERFINCAS, Administraci\u00f3n de Fincas","isPartOf":{"@id":"https:\/\/serfincas.es\/#website"},"primaryImageOfPage":{"@id":"https:\/\/serfincas.es\/index.php\/servicios-2\/#primaryimage"},"image":{"@id":"https:\/\/serfincas.es\/index.php\/servicios-2\/#primaryimage"},"thumbnailUrl":"https:\/\/serfincas.es\/wp-content\/uploads\/2022\/05\/contrato_rojo.png","datePublished":"2022-05-02T13:59:48+00:00","dateModified":"2022-05-02T19:14:28+00:00","breadcrumb":{"@id":"https:\/\/serfincas.es\/index.php\/servicios-2\/#breadcrumb"},"inLanguage":"es","potentialAction":[{"@type":"ReadAction","target":["https:\/\/serfincas.es\/index.php\/servicios-2\/"]}]},{"@type":"ImageObject","inLanguage":"es","@id":"https:\/\/serfincas.es\/index.php\/servicios-2\/#primaryimage","url":"https:\/\/serfincas.es\/wp-content\/uploads\/2022\/05\/contrato_rojo.png","contentUrl":"https:\/\/serfincas.es\/wp-content\/uploads\/2022\/05\/contrato_rojo.png","width":512,"height":512},{"@type":"BreadcrumbList","@id":"https:\/\/serfincas.es\/index.php\/servicios-2\/#breadcrumb","itemListElement":[{"@type":"ListItem","position":1,"name":"Portada","item":"https:\/\/serfincas.es\/"},{"@type":"ListItem","position":2,"name":"SERVICIOS"}]},{"@type":"WebSite","@id":"https:\/\/serfincas.es\/#website","url":"https:\/\/serfincas.es\/","name":"SERFINCAS, Administraci\u00f3n de Fincas","description":"SERFINCAS ALBACETE","publisher":{"@id":"https:\/\/serfincas.es\/#organization"},"potentialAction":[{"@type":"SearchAction","target":{"@type":"EntryPoint","urlTemplate":"https:\/\/serfincas.es\/?s={search_term_string}"},"query-input":{"@type":"PropertyValueSpecification","valueRequired":true,"valueName":"search_term_string"}}],"inLanguage":"es"},{"@type":"Organization","@id":"https:\/\/serfincas.es\/#organization","name":"SERFINCAS","url":"https:\/\/serfincas.es\/","logo":{"@type":"ImageObject","inLanguage":"es","@id":"https:\/\/serfincas.es\/#\/schema\/logo\/image\/","url":"https:\/\/serfincas.es\/wp-content\/uploads\/2022\/05\/logo-serfincas.jpg","contentUrl":"https:\/\/serfincas.es\/wp-content\/uploads\/2022\/05\/logo-serfincas.jpg","width":250,"height":78,"caption":"SERFINCAS"},"image":{"@id":"https:\/\/serfincas.es\/#\/schema\/logo\/image\/"}}]}},"_links":{"self":[{"href":"https:\/\/serfincas.es\/index.php\/wp-json\/wp\/v2\/pages\/86","targetHints":{"allow":["GET"]}}],"collection":[{"href":"https:\/\/serfincas.es\/index.php\/wp-json\/wp\/v2\/pages"}],"about":[{"href":"https:\/\/serfincas.es\/index.php\/wp-json\/wp\/v2\/types\/page"}],"author":[{"embeddable":true,"href":"https:\/\/serfincas.es\/index.php\/wp-json\/wp\/v2\/users\/1"}],"replies":[{"embeddable":true,"href":"https:\/\/serfincas.es\/index.php\/wp-json\/wp\/v2\/comments?post=86"}],"version-history":[{"count":15,"href":"https:\/\/serfincas.es\/index.php\/wp-json\/wp\/v2\/pages\/86\/revisions"}],"predecessor-version":[{"id":158,"href":"https:\/\/serfincas.es\/index.php\/wp-json\/wp\/v2\/pages\/86\/revisions\/158"}],"wp:attachment":[{"href":"https:\/\/serfincas.es\/index.php\/wp-json\/wp\/v2\/media?parent=86"}],"curies":[{"name":"wp","href":"https:\/\/api.w.org\/{rel}","templated":true}]}}